{"id":6184,"date":"2024-04-25T22:35:10","date_gmt":"2024-04-25T21:35:10","guid":{"rendered":"https:\/\/lashdream.biz\/about-us\/"},"modified":"2024-12-20T21:55:09","modified_gmt":"2024-12-20T20:55:09","slug":"lafondatrice","status":"publish","type":"page","link":"https:\/\/lashdream.biz\/it\/lafondatrice\/","title":{"rendered":"La Fondatrice"},"content":{"rendered":"\t\t<div data-elementor-type=\"wp-page\" data-elementor-id=\"6184\" class=\"elementor elementor-6184\">\n\t\t\t\t\t\t<section class=\"elementor-section elementor-top-section elementor-element elementor-element-5daa2b7f elementor-section-full_width elementor-section-height-default elementor-section-height-default\" data-id=\"5daa2b7f\" data-element_type=\"section\" data-e-type=\"section\">\n\t\t\t\t\t\t<div class=\"elementor-container elementor-column-gap-default\">\n\t\t\t\t\t<div class=\"elementor-column elementor-col-100 elementor-top-column elementor-element elementor-element-592a000\" data-id=\"592a000\" data-element_type=\"column\" data-e-type=\"column\">\n\t\t\t<div class=\"elementor-widget-wrap elementor-element-populated\">\n\t\t\t\t\t\t<div class=\"elementor-element elementor-element-645a13a6 elementor-widget elementor-widget-art-ordinary-page-header\" data-id=\"645a13a6\" data-element_type=\"widget\" data-e-type=\"widget\" data-widget_type=\"art-ordinary-page-header.default\">\n\t\t\t\t<div class=\"elementor-widget-container\">\n\t\t\t\t\t\r\n\t\t<div class=\"art-ordinary-page-header lazyload\" style=\"background-image:inherit\" data-bg-image=\"url(https:\/\/firstsight.design\/cherie\/nail\/wp-content\/uploads\/2020\/09\/Hero-Img.png)\">\r\n\r\n\t\t\t<div class=\"container\">\r\n\r\n\t\t\t\t<div class=\"art-ordinary-page-data\" style=\"text-align:center\">\r\n\r\n\t\t\t\t\t<h1 class=\"art-page-header-title\">Chi Siamo<\/h1>\r\n\r\n                                            <div class=\"art-page-header-description\">\r\n                            <p>Il <b>Lash e Brow Bar<\/b> di <b>LashDream<\/b> \u00e8 un prestigioso salone di bellezza situato nel cuore di Milano, specializzato in extension ciglia, laminazione ciglia e laminazione sopracciglia.<\/p><p>Nel <b>Lash e Brow Bar<\/b> di <b>LashDream<\/b>, l\u2019ambiente \u00e8 raccolto e accogliente. Il nostro team di esperte ti guider\u00e0 nella scelta del trattamento pi\u00f9 adatto alle tue esigenze. Specializzandosi esclusivamente in ciglia e sopracciglia, il nostro salone di Milano offre un\u2019esperienza unica a prezzi competitivi, grazie a un'incredibile professionalit\u00e0 e a un personale altamente specializzato. Essendo i creatori del marchio di extension ciglia <b>LashDream<\/b> e del marchio di laminazione <b>Lami Super Booster<\/b>, utilizziamo solo i nostri prodotti, di alta qualit\u00e0 <b>Made in Italy<\/b>, che rispettano i massimi standard di qualit\u00e0 e sicurezza.<\/p>                        <\/div>\r\n                    \r\n\t\t\t\t<\/div>\r\n\r\n\t\t\t<\/div>\r\n\r\n\t\t<\/div>\r\n\r\n\t\t\t\t\t\t<\/div>\n\t\t\t\t<\/div>\n\t\t\t\t\t<\/div>\n\t\t<\/div>\n\t\t\t\t\t<\/div>\n\t\t<\/section>\n\t\t\t\t<section class=\"elementor-section elementor-top-section elementor-element elementor-element-eaa711f elementor-section-boxed elementor-section-height-default elementor-section-height-default\" data-id=\"eaa711f\" data-element_type=\"section\" data-e-type=\"section\">\n\t\t\t\t\t\t\t<div class=\"elementor-background-overlay\"><\/div>\n\t\t\t\t\t\t\t<div class=\"elementor-container elementor-column-gap-default\">\n\t\t\t\t\t<div class=\"elementor-column elementor-col-50 elementor-top-column elementor-element elementor-element-fbeade0\" data-id=\"fbeade0\" data-element_type=\"column\" data-e-type=\"column\">\n\t\t\t<div class=\"elementor-widget-wrap elementor-element-populated\">\n\t\t\t\t\t\t<div class=\"elementor-element elementor-element-874e2d2 elementor-widget elementor-widget-image\" data-id=\"874e2d2\" data-element_type=\"widget\" data-e-type=\"widget\" data-widget_type=\"image.default\">\n\t\t\t\t<div class=\"elementor-widget-container\">\n\t\t\t\t\t\t\t\t\t\t\t\t\t\t\t<img fetchpriority=\"high\" decoding=\"async\" width=\"1024\" height=\"1024\" src=\"https:\/\/lashdream.biz\/wp-content\/uploads\/2024\/04\/meet-our-founder-1024x1024.jpg\" class=\"attachment-large size-large wp-image-4751\" alt=\"\" srcset=\"https:\/\/lashdream.biz\/wp-content\/uploads\/2024\/04\/meet-our-founder-1024x1024.jpg 1024w, https:\/\/lashdream.biz\/wp-content\/uploads\/2024\/04\/meet-our-founder-300x300.jpg 300w, https:\/\/lashdream.biz\/wp-content\/uploads\/2024\/04\/meet-our-founder-150x150.jpg 150w, https:\/\/lashdream.biz\/wp-content\/uploads\/2024\/04\/meet-our-founder-768x768.jpg 768w, https:\/\/lashdream.biz\/wp-content\/uploads\/2024\/04\/meet-our-founder.jpg 1280w\" sizes=\"(max-width: 1024px) 100vw, 1024px\" \/>\t\t\t\t\t\t\t\t\t\t\t\t\t\t\t<\/div>\n\t\t\t\t<\/div>\n\t\t\t\t\t<\/div>\n\t\t<\/div>\n\t\t\t\t<div class=\"elementor-column elementor-col-50 elementor-top-column elementor-element elementor-element-a51993b\" data-id=\"a51993b\" data-element_type=\"column\" data-e-type=\"column\">\n\t\t\t<div class=\"elementor-widget-wrap elementor-element-populated\">\n\t\t\t\t\t\t<div class=\"elementor-element elementor-element-3ed80e3 elementor-widget elementor-widget-heading\" data-id=\"3ed80e3\" data-element_type=\"widget\" data-e-type=\"widget\" data-widget_type=\"heading.default\">\n\t\t\t\t<div class=\"elementor-widget-container\">\n\t\t\t\t\t<h2 class=\"elementor-heading-title elementor-size-default\">La Fondatrice - Maria Larionova<\/h2>\t\t\t\t<\/div>\n\t\t\t\t<\/div>\n\t\t\t\t<div class=\"elementor-element elementor-element-4ec737a elementor-widget elementor-widget-text-editor\" data-id=\"4ec737a\" data-element_type=\"widget\" data-e-type=\"widget\" data-widget_type=\"text-editor.default\">\n\t\t\t\t<div class=\"elementor-widget-container\">\n\t\t\t\t\t\t\t\t\t<p><b>Maria Larionova<\/b> nasce in Estonia, dove inizia la sua carriera come applicatrice di <b>extension ciglia<\/b> da giovanissima. Dopo anni di corsi di formazione, si trasferisce in Inghilterra, dove vive esperienze professionali significative e diventa una delle migliori applicatrici riconosciute a livello internazionale.<\/p>\n<p>La sua crescita nel mondo del beauty continua nel corso degli anni, fino a quando, nel 2013, si stabilisce a Milano e fonda <b>LashDream<\/b>, uno dei marchi italiani pi\u00f9 importanti nel settore delle <b>extension ciglia<\/b>, con prodotti richiesti e venduti in tutto il mondo per la loro alta qualit\u00e0. Inoltre, apre il <b>LashDream LashBar<\/b>, il primo salone in Italia dedicato esclusivamente alle <b>extension ciglia<\/b>.<\/p>\n<p>Parallelamente, Maria prosegue la sua carriera come <b>Lash Master<\/b> e inizia a organizzare corsi di formazione altamente professionali; nasce cos\u00ec <b>Italian Beauty Academy<\/b>, situata a pochi passi dal Lash e Brow Bar, dove si tengono corsi di <b>extension ciglia, laminazione ciglia e sopracciglia<\/b>, insieme a corsi su diverse tematiche nel campo dell\u2019estetica.<\/p>\n<p>Maria \u00e8 un vulcano di energia e continua a partecipare a corsi internazionali di aggiornamento, diventando un punto di riferimento per il suo staff, che \u00e8 sempre aggiornato sulle ultime mode e tendenze.<\/p>\t\t\t\t\t\t\t\t<\/div>\n\t\t\t\t<\/div>\n\t\t\t\t\t<\/div>\n\t\t<\/div>\n\t\t\t\t\t<\/div>\n\t\t<\/section>\n\t\t\t\t<section class=\"elementor-section elementor-top-section elementor-element elementor-element-da554ae elementor-section-boxed elementor-section-height-default elementor-section-height-default\" data-id=\"da554ae\" data-element_type=\"section\" data-e-type=\"section\">\n\t\t\t\t\t\t\t<div class=\"elementor-background-overlay\"><\/div>\n\t\t\t\t\t\t\t<div class=\"elementor-container elementor-column-gap-default\">\n\t\t\t\t\t<div class=\"elementor-column elementor-col-100 elementor-top-column elementor-element elementor-element-1b8fd26\" data-id=\"1b8fd26\" data-element_type=\"column\" data-e-type=\"column\">\n\t\t\t<div class=\"elementor-widget-wrap elementor-element-populated\">\n\t\t\t\t\t\t<div class=\"elementor-element elementor-element-d4779e2 elementor-widget elementor-widget-heading\" data-id=\"d4779e2\" data-element_type=\"widget\" data-e-type=\"widget\" data-widget_type=\"heading.default\">\n\t\t\t\t<div class=\"elementor-widget-container\">\n\t\t\t\t\t<h2 class=\"elementor-heading-title elementor-size-default\">La Nostra Filosofia<\/h2>\t\t\t\t<\/div>\n\t\t\t\t<\/div>\n\t\t\t\t\t<\/div>\n\t\t<\/div>\n\t\t\t\t\t<\/div>\n\t\t<\/section>\n\t\t\t\t<section class=\"elementor-section elementor-top-section elementor-element elementor-element-45924e9 elementor-section-boxed elementor-section-height-default elementor-section-height-default\" data-id=\"45924e9\" data-element_type=\"section\" data-e-type=\"section\" data-settings=\"{&quot;background_background&quot;:&quot;classic&quot;}\">\n\t\t\t\t\t\t\t<div class=\"elementor-background-overlay\"><\/div>\n\t\t\t\t\t\t\t<div class=\"elementor-container elementor-column-gap-default\">\n\t\t\t\t\t<div class=\"elementor-column elementor-col-100 elementor-top-column elementor-element elementor-element-092c964\" data-id=\"092c964\" data-element_type=\"column\" data-e-type=\"column\">\n\t\t\t<div class=\"elementor-widget-wrap elementor-element-populated\">\n\t\t\t\t\t\t<div class=\"elementor-element elementor-element-b7935ff elementor-widget elementor-widget-art-contact-info\" data-id=\"b7935ff\" data-element_type=\"widget\" data-e-type=\"widget\" data-widget_type=\"art-contact-info.default\">\n\t\t\t\t<div class=\"elementor-widget-container\">\n\t\t\t\t\t\r\n            <div class=\"art-contact-info-widget\">\r\n                                    <div class=\"col-md-4 art-item\">\r\n                        <div class=\"art-icon\"><svg xmlns=\"http:\/\/www.w3.org\/2000\/svg\" width=\"48\" height=\"48\" viewBox=\"0 0 48 48\" fill=\"none\"><rect x=\"2.5\" y=\"12.5\" width=\"19\" height=\"32\" rx=\"5.5\" fill=\"#F5E1D3\" stroke=\"black\"><\/rect><rect x=\"8.5\" y=\"4.5\" width=\"7\" height=\"8\" fill=\"white\" stroke=\"black\"><\/rect><rect x=\"4\" y=\"4\" width=\"4\" height=\"1\" fill=\"black\"><\/rect><path d=\"M26.768 6.1805C26.6597 5.28703 27.3571 4.5 28.2571 4.5H43.7429C44.6429 4.5 45.3403 5.28703 45.232 6.1805L41.7169 35.1805C41.6256 35.9336 40.9864 36.5 40.2278 36.5H31.7722C31.0136 36.5 30.3744 35.9336 30.2831 35.1805L26.768 6.1805Z\" fill=\"#F5E1D3\" stroke=\"black\"><\/path><path d=\"M30.928 8.375L33.072 26.0625\" stroke=\"black\"><\/path><path d=\"M32.5 36.5H39.5V44.5H32.5V36.5Z\" stroke=\"black\"><\/path><rect x=\"2.5\" y=\"20.5\" width=\"9\" height=\"15\" fill=\"white\" stroke=\"black\"><\/rect><\/svg><\/div>\r\n                        <h6 class=\"art-title\">Cura professionale<\/h6>\r\n                        <div class=\"art-description art-body-two-font\">La tua bellezza merita solo il meglio! Utilizziamo prodotti di altissima qualit\u00e0, rispettando rigorosi standard di sicurezza. Con noi, puoi contare su una cura professionale e di prima classe per le tue ciglia, per risultati straordinari e duraturi. Affidati a noi e scopri la differenza!<\/div>\r\n                    <\/div>\r\n                                    <div class=\"col-md-4 art-item\">\r\n                        <div class=\"art-icon\"><svg xmlns=\"http:\/\/www.w3.org\/2000\/svg\" width=\"48\" height=\"48\" viewBox=\"0 0 48 48\" fill=\"none\"><circle cx=\"24\" cy=\"15.5\" r=\"14.5\" fill=\"#F5E1D3\" stroke=\"black\"><\/circle><path d=\"M43 14.5C43 24.9934 34.4934 33.5 24 33.5C13.5066 33.5 5 24.9934 5 14.5\" stroke=\"black\"><\/path><rect x=\"22.5\" y=\"33.5\" width=\"3\" height=\"7\" fill=\"white\" stroke=\"black\"><\/rect><path d=\"M15.5275 44.5C15.7762 42.25 17.6837 40.5 20 40.5H28C30.3163 40.5 32.2238 42.25 32.4725 44.5H15.5275Z\" fill=\"white\" stroke=\"black\"><\/path><circle cx=\"5\" cy=\"16\" r=\"1.5\" fill=\"white\" stroke=\"black\"><\/circle><circle cx=\"43\" cy=\"16\" r=\"1.5\" fill=\"white\" stroke=\"black\"><\/circle><path d=\"M31 8.5L26.5 12.5\" stroke=\"black\"><\/path><path d=\"M32 12.5L29 15.5\" stroke=\"black\"><\/path><\/svg><\/div>\r\n                        <h6 class=\"art-title\">Esperienza personalizzata <\/h6>\r\n                        <div class=\"art-description art-body-two-font\">Scopri un'esperienza di bellezza su misura per te! Le nostre esperte sono pronte ad ascoltare le tue esigenze e a creare trattamenti personalizzati, pensati per valorizzare la tua unicit\u00e0. Lasciati coccolare e raggiungi il tuo ideale di bellezza con noi!\n<\/div>\r\n                    <\/div>\r\n                                    <div class=\"col-md-4 art-item\">\r\n                        <div class=\"art-icon\"><svg xmlns=\"http:\/\/www.w3.org\/2000\/svg\" width=\"48\" height=\"48\" viewBox=\"0 0 48 48\" fill=\"none\"><path d=\"M14.5 24.3503C10.59 19.7454 3 22.2781 3 28.7249C3 35.1717 9.9 38.3951 14.5 43C19.1 38.3951 26 35.1717 26 28.7249C26 22.2781 18.41 19.7454 14.5 24.3503Z\" fill=\"#F5E1D3\" stroke=\"black\" stroke-miterlimit=\"10\"><\/path><path d=\"M36.5 9.79068C33.61 6.28221 28 8.21187 28 13.1237C28 18.0356 33.1 20.4915 36.5 24C39.9 20.4915 45 18.0356 45 13.1237C45 8.21187 39.39 6.28221 36.5 9.79068Z\" fill=\"#F5E1D3\" stroke=\"black\" stroke-miterlimit=\"10\"><\/path><path d=\"M7 29C7 27.3431 8.34315 26 10 26\" stroke=\"black\"><\/path><\/svg><\/div>\r\n                        <h6 class=\"art-title\">Amiamo quello che facciamo<\/h6>\r\n                        <div class=\"art-description art-body-two-font\">Il nostro segreto? La passione! Amiamo profondamente ci\u00f2 che facciamo e ci impegniamo a offrire il meglio in ogni trattamento. La nostra dedizione ci spinge a crescere e migliorare costantemente, garantendoti sempre risultati eccezionali. La tua bellezza \u00e8 la nostra missione!<\/div>\r\n                    <\/div>\r\n                            <\/div>\r\n\r\n        \t\t\t\t<\/div>\n\t\t\t\t<\/div>\n\t\t\t\t<div class=\"elementor-element elementor-element-e9ddc37 content-align-center elementor-widget elementor-widget-art-light-button\" data-id=\"e9ddc37\" data-element_type=\"widget\" data-e-type=\"widget\" data-widget_type=\"art-light-button.default\">\n\t\t\t\t<div class=\"elementor-widget-container\">\n\t\t\t\t\t\r\n\r\n        \r\n                <div class=\"art-widget-button art--aliment-center art--aliment-tablet- art--aliment-mobile-\">\r\n                    <a href=\"https:\/\/lashdream.biz\/it\/prenota-il-tuo-appuntamento\/\" class=\"art-button art-button-light\">Prenota un appuntamento<\/a>\r\n                <\/div>\r\n\r\n                \r\n\r\n\r\n\r\n\r\n\r\n\r\n\r\n\t\t\t\t\t\t<\/div>\n\t\t\t\t<\/div>\n\t\t\t\t\t<\/div>\n\t\t<\/div>\n\t\t\t\t\t<\/div>\n\t\t<\/section>\n\t\t\t\t<section class=\"elementor-section elementor-top-section elementor-element elementor-element-051b71e elementor-section-boxed elementor-section-height-default elementor-section-height-default\" data-id=\"051b71e\" data-element_type=\"section\" data-e-type=\"section\">\n\t\t\t\t\t\t\t<div class=\"elementor-background-overlay\"><\/div>\n\t\t\t\t\t\t\t<div class=\"elementor-container elementor-column-gap-default\">\n\t\t\t\t\t<div class=\"elementor-column elementor-col-100 elementor-top-column elementor-element elementor-element-18e3aa7\" data-id=\"18e3aa7\" data-element_type=\"column\" data-e-type=\"column\">\n\t\t\t<div class=\"elementor-widget-wrap elementor-element-populated\">\n\t\t\t\t\t\t<div class=\"elementor-element elementor-element-ad70c16 art-fadeIn art-anim animate__delay-1s elementor-widget elementor-widget-art-contact-info\" data-id=\"ad70c16\" data-element_type=\"widget\" data-e-type=\"widget\" data-widget_type=\"art-contact-info.default\">\n\t\t\t\t<div class=\"elementor-widget-container\">\n\t\t\t\t\t\r\n            <div class=\"art-contact-info-widget\">\r\n                                    <div class=\"col-md-4 art-item\">\r\n                        <div class=\"art-icon\"><svg xmlns=\"http:\/\/www.w3.org\/2000\/svg\" width=\"48\" height=\"48\" viewBox=\"0 0 48 48\" fill=\"none\"><rect x=\"11.5\" y=\"2.5\" width=\"24\" height=\"43\" rx=\"1.5\" fill=\"white\" stroke=\"black\"><\/rect><rect x=\"20\" y=\"7\" width=\"7\" height=\"1\" fill=\"black\"><\/rect><circle cx=\"23.5\" cy=\"39.5\" r=\"1.5\" fill=\"black\"><\/circle><\/svg><\/div>\r\n                        <h6 class=\"art-title\">Contatti<\/h6>\r\n                        <div class=\"art-description art-body-two-font\"><p>T\/WA: +39 02 3983 1309<\/p><\/div>\r\n                    <\/div>\r\n                                    <div class=\"col-md-4 art-item\">\r\n                        <div class=\"art-icon\"><svg xmlns=\"http:\/\/www.w3.org\/2000\/svg\" width=\"48\" height=\"48\" viewBox=\"0 0 48 48\" fill=\"none\"><circle cx=\"24.5\" cy=\"24.5\" r=\"19\" fill=\"white\" stroke=\"black\"><\/circle><path d=\"M24 12.5V25.5L30 31.5\" stroke=\"black\"><\/path><\/svg><\/div>\r\n                        <h6 class=\"art-title\">Orario<\/h6>\r\n                        <div class=\"art-description art-body-two-font\"><p>Da Mart a Sab 9:30 \u2014 19:00<br \/>Dom: Chiuso<br \/>Lun: Chiuso<\/p><\/div>\r\n                    <\/div>\r\n                                    <div class=\"col-md-4 art-item\">\r\n                        <div class=\"art-icon\"><svg xmlns=\"http:\/\/www.w3.org\/2000\/svg\" width=\"48\" height=\"48\" viewBox=\"0 0 48 48\" fill=\"none\"><path d=\"M39.5 18.5C39.5 22.9086 37.6893 26.8697 34.714 31.1637C32.7635 33.9788 30.3434 36.8965 27.6388 40.1573C26.3183 41.7493 24.93 43.4232 23.4953 45.2068C22.2962 43.7506 21.1349 42.3668 20.022 41.0407C16.9832 37.4197 14.3051 34.2285 12.2027 31.1656C9.2574 26.8745 7.5 22.9121 7.5 18.5C7.5 9.66344 14.6634 2.5 23.5 2.5C32.3366 2.5 39.5 9.66344 39.5 18.5Z\" fill=\"white\" stroke=\"black\"><\/path><circle cx=\"23.5\" cy=\"17.5\" r=\"6\" fill=\"#FDF3EB\" stroke=\"black\"><\/circle><\/svg><\/div>\r\n                        <h6 class=\"art-title\">Indirizzo<\/h6>\r\n                        <div class=\"art-description art-body-two-font\"><p>Via Santa Maria Valle, 5,<br \/>20123 Milano MI,<br \/>Italia<\/p><\/div>\r\n                    <\/div>\r\n                            <\/div>\r\n\r\n        \t\t\t\t<\/div>\n\t\t\t\t<\/div>\n\t\t\t\t\t<\/div>\n\t\t<\/div>\n\t\t\t\t\t<\/div>\n\t\t<\/section>\n\t\t\t\t<\/div>\n\t\t","protected":false},"excerpt":{"rendered":"<p>La Fondatrice \u2013 Maria Larionova Maria Larionova nasce in Estonia, dove inizia la sua carriera come applicatrice di extension ciglia da giovanissima. Dopo anni di corsi di formazione, si trasferisce in Inghilterra, dove vive esperienze professionali significative e diventa una delle migliori applicatrici riconosciute a livello internazionale. La sua crescita nel mondo del beauty continua [&hellip;]<\/p>\n","protected":false},"author":1,"featured_media":4751,"parent":0,"menu_order":0,"comment_status":"closed","ping_status":"closed","template":"elementor-template.php","meta":{"_acf_changed":false,"inline_featured_image":false,"_joinchat":[],"footnotes":""},"class_list":["post-6184","page","type-page","status-publish","has-post-thumbnail","hentry"],"acf":[],"_links":{"self":[{"href":"https:\/\/lashdream.biz\/it\/wp-json\/wp\/v2\/pages\/6184","targetHints":{"allow":["GET"]}}],"collection":[{"href":"https:\/\/lashdream.biz\/it\/wp-json\/wp\/v2\/pages"}],"about":[{"href":"https:\/\/lashdream.biz\/it\/wp-json\/wp\/v2\/types\/page"}],"author":[{"embeddable":true,"href":"https:\/\/lashdream.biz\/it\/wp-json\/wp\/v2\/users\/1"}],"replies":[{"embeddable":true,"href":"https:\/\/lashdream.biz\/it\/wp-json\/wp\/v2\/comments?post=6184"}],"version-history":[{"count":0,"href":"https:\/\/lashdream.biz\/it\/wp-json\/wp\/v2\/pages\/6184\/revisions"}],"wp:featuredmedia":[{"embeddable":true,"href":"https:\/\/lashdream.biz\/it\/wp-json\/wp\/v2\/media\/4751"}],"wp:attachment":[{"href":"https:\/\/lashdream.biz\/it\/wp-json\/wp\/v2\/media?parent=6184"}],"curies":[{"name":"wp","href":"https:\/\/api.w.org\/{rel}","templated":true}]}}