{"id":5006,"date":"2024-09-12T21:37:25","date_gmt":"2024-09-12T20:37:25","guid":{"rendered":"https:\/\/lashdream.biz\/?page_id=5006"},"modified":"2024-12-20T21:51:28","modified_gmt":"2024-12-20T20:51:28","slug":"ambiente","status":"publish","type":"page","link":"https:\/\/lashdream.biz\/it\/ambiente\/","title":{"rendered":"Ambiente"},"content":{"rendered":"\t\t<div data-elementor-type=\"wp-page\" data-elementor-id=\"5006\" class=\"elementor elementor-5006\">\n\t\t\t\t\t\t<section class=\"elementor-section elementor-top-section elementor-element elementor-element-30359258 elementor-section-full_width elementor-section-height-default elementor-section-height-default\" data-id=\"30359258\" data-element_type=\"section\" data-e-type=\"section\">\n\t\t\t\t\t\t<div class=\"elementor-container elementor-column-gap-default\">\n\t\t\t\t\t<div class=\"elementor-column elementor-col-100 elementor-top-column elementor-element elementor-element-e000e53\" data-id=\"e000e53\" data-element_type=\"column\" data-e-type=\"column\">\n\t\t\t<div class=\"elementor-widget-wrap elementor-element-populated\">\n\t\t\t\t\t\t<div class=\"elementor-element elementor-element-34815f0f elementor-widget elementor-widget-art-ordinary-page-header\" data-id=\"34815f0f\" data-element_type=\"widget\" data-e-type=\"widget\" data-widget_type=\"art-ordinary-page-header.default\">\n\t\t\t\t<div class=\"elementor-widget-container\">\n\t\t\t\t\t\r\n\t\t<div class=\"art-ordinary-page-header lazyload\" style=\"background-image:inherit\" data-bg-image=\"url(https:\/\/lashdream.biz\/wp-content\/uploads\/2024\/10\/Hero-Img.png)\">\r\n\r\n\t\t\t<div class=\"container\">\r\n\r\n\t\t\t\t<div class=\"art-ordinary-page-data\" style=\"text-align:center\">\r\n\r\n\t\t\t\t\t<h1 class=\"art-page-header-title\">Ambiente<\/h1>\r\n\r\n                                            <div class=\"art-page-header-description\">\r\n                            <p>Il <strong>Lash e Brow Bar di LashDream<\/strong> \u00e8 un prestigioso salone di bellezza situato nel cuore di Milano, specializzato in <b>extension ciglia, laminazione ciglia e laminazione sopracciglia.<\/b><\/p><p>L\u2019ambiente \u00e8 unico nel suo genere, arredato in uno stile minimale e classico con un tocco glamour. Dominano i caldi colori del parquet e dei mobili su misura, arricchiti da tessuti di lino che contrastano con la lucentezza degli elementi in ottone e le superfici lucide laccate.<\/p>                        <\/div>\r\n                    \r\n\t\t\t\t<\/div>\r\n\r\n\t\t\t<\/div>\r\n\r\n\t\t<\/div>\r\n\r\n\t\t\t\t\t\t<\/div>\n\t\t\t\t<\/div>\n\t\t\t\t\t<\/div>\n\t\t<\/div>\n\t\t\t\t\t<\/div>\n\t\t<\/section>\n\t\t\t\t<section class=\"elementor-section elementor-top-section elementor-element elementor-element-297a2ca8 elementor-section-boxed elementor-section-height-default elementor-section-height-default\" data-id=\"297a2ca8\" data-element_type=\"section\" data-e-type=\"section\">\n\t\t\t\t\t\t<div class=\"elementor-container elementor-column-gap-default\">\n\t\t\t\t\t<div class=\"elementor-column elementor-col-100 elementor-top-column elementor-element elementor-element-62a61374\" data-id=\"62a61374\" data-element_type=\"column\" data-e-type=\"column\">\n\t\t\t<div class=\"elementor-widget-wrap elementor-element-populated\">\n\t\t\t\t\t\t<div class=\"elementor-element elementor-element-2316cb96 elementor-arrows-position-inside elementor-pagination-position-outside elementor-widget elementor-widget-image-carousel\" data-id=\"2316cb96\" data-element_type=\"widget\" data-e-type=\"widget\" data-settings=\"{&quot;slides_to_show&quot;:&quot;2&quot;,&quot;navigation&quot;:&quot;both&quot;,&quot;autoplay&quot;:&quot;yes&quot;,&quot;pause_on_hover&quot;:&quot;yes&quot;,&quot;pause_on_interaction&quot;:&quot;yes&quot;,&quot;autoplay_speed&quot;:5000,&quot;infinite&quot;:&quot;yes&quot;,&quot;speed&quot;:500}\" data-widget_type=\"image-carousel.default\">\n\t\t\t\t<div class=\"elementor-widget-container\">\n\t\t\t\t\t\t\t<div class=\"elementor-image-carousel-wrapper swiper\" role=\"region\" aria-roledescription=\"carousel\" aria-label=\"Image Carousel\" dir=\"ltr\">\n\t\t\t<div class=\"elementor-image-carousel swiper-wrapper\" aria-live=\"off\">\n\t\t\t\t\t\t\t\t<div class=\"swiper-slide\" role=\"group\" aria-roledescription=\"slide\" aria-label=\"1 di 2\"><figure class=\"swiper-slide-inner\"><img decoding=\"async\" class=\"swiper-slide-image lazyload\" data-src=\"https:\/\/lashdream.biz\/wp-content\/uploads\/2024\/12\/ambient_01-sofa-300x200.jpg\" alt=\"ambient_01-sofa\" src=\"data:image\/svg+xml;base64,PHN2ZyB3aWR0aD0iMSIgaGVpZ2h0PSIxIiB4bWxucz0iaHR0cDovL3d3dy53My5vcmcvMjAwMC9zdmciPjwvc3ZnPg==\" style=\"--smush-placeholder-width: 300px; --smush-placeholder-aspect-ratio: 300\/200;\" \/><\/figure><\/div><div class=\"swiper-slide\" role=\"group\" aria-roledescription=\"slide\" aria-label=\"2 di 2\"><figure class=\"swiper-slide-inner\"><img decoding=\"async\" class=\"swiper-slide-image lazyload\" data-src=\"https:\/\/lashdream.biz\/wp-content\/uploads\/2024\/12\/ambient_02-reception-300x200.jpg\" alt=\"ambient_02-reception\" src=\"data:image\/svg+xml;base64,PHN2ZyB3aWR0aD0iMSIgaGVpZ2h0PSIxIiB4bWxucz0iaHR0cDovL3d3dy53My5vcmcvMjAwMC9zdmciPjwvc3ZnPg==\" style=\"--smush-placeholder-width: 300px; --smush-placeholder-aspect-ratio: 300\/200;\" \/><\/figure><\/div>\t\t\t<\/div>\n\t\t\t\t\t\t\t\t\t\t\t\t<div class=\"elementor-swiper-button elementor-swiper-button-prev\" role=\"button\" tabindex=\"0\">\n\t\t\t\t\t\t<svg aria-hidden=\"true\" class=\"e-font-icon-svg e-eicon-chevron-left\" viewBox=\"0 0 1000 1000\" xmlns=\"http:\/\/www.w3.org\/2000\/svg\"><path d=\"M646 125C629 125 613 133 604 142L308 442C296 454 292 471 292 487 292 504 296 521 308 533L604 854C617 867 629 875 646 875 663 875 679 871 692 858 704 846 713 829 713 812 713 796 708 779 692 767L438 487 692 225C700 217 708 204 708 187 708 171 704 154 692 142 675 129 663 125 646 125Z\"><\/path><\/svg>\t\t\t\t\t<\/div>\n\t\t\t\t\t<div class=\"elementor-swiper-button elementor-swiper-button-next\" role=\"button\" tabindex=\"0\">\n\t\t\t\t\t\t<svg aria-hidden=\"true\" class=\"e-font-icon-svg e-eicon-chevron-right\" viewBox=\"0 0 1000 1000\" xmlns=\"http:\/\/www.w3.org\/2000\/svg\"><path d=\"M696 533C708 521 713 504 713 487 713 471 708 454 696 446L400 146C388 133 375 125 354 125 338 125 325 129 313 142 300 154 292 171 292 187 292 204 296 221 308 233L563 492 304 771C292 783 288 800 288 817 288 833 296 850 308 863 321 871 338 875 354 875 371 875 388 867 400 854L696 533Z\"><\/path><\/svg>\t\t\t\t\t<\/div>\n\t\t\t\t\n\t\t\t\t\t\t\t\t\t<div class=\"swiper-pagination\"><\/div>\n\t\t\t\t\t\t\t\t\t<\/div>\n\t\t\t\t\t\t<\/div>\n\t\t\t\t<\/div>\n\t\t\t\t\t<\/div>\n\t\t<\/div>\n\t\t\t\t\t<\/div>\n\t\t<\/section>\n\t\t\t\t<section class=\"elementor-section elementor-top-section elementor-element elementor-element-36ec289 elementor-reverse-mobile elementor-section-boxed elementor-section-height-default elementor-section-height-default\" data-id=\"36ec289\" data-element_type=\"section\" data-e-type=\"section\" data-settings=\"{&quot;background_background&quot;:&quot;classic&quot;}\">\n\t\t\t\t\t\t\t<div class=\"elementor-background-overlay\"><\/div>\n\t\t\t\t\t\t\t<div class=\"elementor-container elementor-column-gap-default\">\n\t\t\t\t\t<div class=\"elementor-column elementor-col-50 elementor-top-column elementor-element elementor-element-587ede71\" data-id=\"587ede71\" data-element_type=\"column\" data-e-type=\"column\">\n\t\t\t<div class=\"elementor-widget-wrap elementor-element-populated\">\n\t\t\t\t\t\t<div class=\"elementor-element elementor-element-39d4640 elementor-widget elementor-widget-heading\" data-id=\"39d4640\" data-element_type=\"widget\" data-e-type=\"widget\" data-widget_type=\"heading.default\">\n\t\t\t\t<div class=\"elementor-widget-container\">\n\t\t\t\t\t<h2 class=\"elementor-heading-title elementor-size-default\">Esperienza esclusiva<\/h2>\t\t\t\t<\/div>\n\t\t\t\t<\/div>\n\t\t\t\t<div class=\"elementor-element elementor-element-1bfe467b elementor-widget elementor-widget-text-editor\" data-id=\"1bfe467b\" data-element_type=\"widget\" data-e-type=\"widget\" data-widget_type=\"text-editor.default\">\n\t\t\t\t<div class=\"elementor-widget-container\">\n\t\t\t\t\t\t\t\t\t<p>L\u2019atmosfera \u00e8 intima e rilassante, con aree riservate per le clienti che desiderano vivere un\u2019esperienza pi\u00f9 esclusiva. Le poltrone per i trattamenti sono automatizzate e completamente reclinabili, garantendo un momento di vero comfort e relax.<\/p><p>Nel <strong>Lash e Brow Bar di LashDream<\/strong>, l\u2019ambiente \u00e8 raccolto e accogliente. Il nostro team di esperte ti guider\u00e0 nella scelta del trattamento pi\u00f9 adatto alle tue esigenze. Specializzandosi esclusivamente in ciglia e sopracciglia, il nostro salone di Milano offre un\u2019esperienza unica a prezzi competitivi, grazie a un\u2019incredibile professionalit\u00e0 e a un personale altamente specializzato. Essendo i creatori del marchio di extension ciglia <strong>LashDream<\/strong> e del marchio di laminazione <strong>Lami Super Booster<\/strong>, utilizziamo solo i nostri prodotti, di alta qualit\u00e0 Made in Italy, che rispettano i massimi standard di qualit\u00e0 e sicurezza.<\/p>\t\t\t\t\t\t\t\t<\/div>\n\t\t\t\t<\/div>\n\t\t\t\t<div class=\"elementor-element elementor-element-fac3c44 content-align-left content-align--mobilecenter elementor-widget elementor-widget-art-light-button\" data-id=\"fac3c44\" data-element_type=\"widget\" data-e-type=\"widget\" data-widget_type=\"art-light-button.default\">\n\t\t\t\t<div class=\"elementor-widget-container\">\n\t\t\t\t\t\r\n\r\n        \r\n                <div class=\"art-widget-button art--aliment-left art--aliment-tablet- art--aliment-mobile-center\">\r\n                    <a href=\"https:\/\/lashdream.biz\/it\/prenota-il-tuo-appuntamento\/\" class=\"art-button art-button-light\">Prenota un appuntamento<\/a>\r\n                <\/div>\r\n\r\n                \r\n\r\n\r\n\r\n\r\n\r\n\r\n\r\n\t\t\t\t\t\t<\/div>\n\t\t\t\t<\/div>\n\t\t\t\t\t<\/div>\n\t\t<\/div>\n\t\t\t\t<div class=\"elementor-column elementor-col-50 elementor-top-column elementor-element elementor-element-7fa59100\" data-id=\"7fa59100\" data-element_type=\"column\" data-e-type=\"column\">\n\t\t\t<div class=\"elementor-widget-wrap elementor-element-populated\">\n\t\t\t\t\t\t<div class=\"elementor-element elementor-element-3a145fdd elementor-widget elementor-widget-image\" data-id=\"3a145fdd\" data-element_type=\"widget\" data-e-type=\"widget\" data-widget_type=\"image.default\">\n\t\t\t\t<div class=\"elementor-widget-container\">\n\t\t\t\t\t\t\t\t\t\t\t\t\t\t\t<img fetchpriority=\"high\" decoding=\"async\" width=\"960\" height=\"720\" src=\"https:\/\/lashdream.biz\/wp-content\/uploads\/2024\/12\/ambient_03-chair-1.jpg\" class=\"attachment-large size-large wp-image-10415\" alt=\"\" srcset=\"https:\/\/lashdream.biz\/wp-content\/uploads\/2024\/12\/ambient_03-chair-1.jpg 960w, https:\/\/lashdream.biz\/wp-content\/uploads\/2024\/12\/ambient_03-chair-1-300x225.jpg 300w, https:\/\/lashdream.biz\/wp-content\/uploads\/2024\/12\/ambient_03-chair-1-768x576.jpg 768w\" sizes=\"(max-width: 960px) 100vw, 960px\" \/>\t\t\t\t\t\t\t\t\t\t\t\t\t\t\t<\/div>\n\t\t\t\t<\/div>\n\t\t\t\t\t<\/div>\n\t\t<\/div>\n\t\t\t\t\t<\/div>\n\t\t<\/section>\n\t\t\t\t<section class=\"elementor-section elementor-top-section elementor-element elementor-element-840e4bc elementor-section-boxed elementor-section-height-default elementor-section-height-default\" data-id=\"840e4bc\" data-element_type=\"section\" data-e-type=\"section\">\n\t\t\t\t\t\t\t<div class=\"elementor-background-overlay\"><\/div>\n\t\t\t\t\t\t\t<div class=\"elementor-container elementor-column-gap-default\">\n\t\t\t\t\t<div class=\"elementor-column elementor-col-100 elementor-top-column elementor-element elementor-element-b95555e\" data-id=\"b95555e\" data-element_type=\"column\" data-e-type=\"column\">\n\t\t\t<div class=\"elementor-widget-wrap elementor-element-populated\">\n\t\t\t\t\t\t<div class=\"elementor-element elementor-element-28bd062 art-fadeIn art-anim animate__delay-1s elementor-widget elementor-widget-art-contact-info\" data-id=\"28bd062\" data-element_type=\"widget\" data-e-type=\"widget\" data-widget_type=\"art-contact-info.default\">\n\t\t\t\t<div class=\"elementor-widget-container\">\n\t\t\t\t\t\r\n            <div class=\"art-contact-info-widget\">\r\n                                    <div class=\"col-md-4 art-item\">\r\n                        <div class=\"art-icon\"><svg xmlns=\"http:\/\/www.w3.org\/2000\/svg\" width=\"48\" height=\"48\" viewBox=\"0 0 48 48\" fill=\"none\"><rect x=\"11.5\" y=\"2.5\" width=\"24\" height=\"43\" rx=\"1.5\" fill=\"white\" stroke=\"black\"><\/rect><rect x=\"20\" y=\"7\" width=\"7\" height=\"1\" fill=\"black\"><\/rect><circle cx=\"23.5\" cy=\"39.5\" r=\"1.5\" fill=\"black\"><\/circle><\/svg><\/div>\r\n                        <h6 class=\"art-title\">Contatti<\/h6>\r\n                        <div class=\"art-description art-body-two-font\"><p>T\/WA: +39 02 3983 1309<\/p><\/div>\r\n                    <\/div>\r\n                                    <div class=\"col-md-4 art-item\">\r\n                        <div class=\"art-icon\"><svg xmlns=\"http:\/\/www.w3.org\/2000\/svg\" width=\"48\" height=\"48\" viewBox=\"0 0 48 48\" fill=\"none\"><circle cx=\"24.5\" cy=\"24.5\" r=\"19\" fill=\"white\" stroke=\"black\"><\/circle><path d=\"M24 12.5V25.5L30 31.5\" stroke=\"black\"><\/path><\/svg><\/div>\r\n                        <h6 class=\"art-title\">Orario<\/h6>\r\n                        <div class=\"art-description art-body-two-font\"><p>Da Mart a Sab 9:30 \u2014 19:00<br \/>Dom: Chiuso<br \/>Lun: Chiuso<\/p><\/div>\r\n                    <\/div>\r\n                                    <div class=\"col-md-4 art-item\">\r\n                        <div class=\"art-icon\"><svg xmlns=\"http:\/\/www.w3.org\/2000\/svg\" width=\"48\" height=\"48\" viewBox=\"0 0 48 48\" fill=\"none\"><path d=\"M39.5 18.5C39.5 22.9086 37.6893 26.8697 34.714 31.1637C32.7635 33.9788 30.3434 36.8965 27.6388 40.1573C26.3183 41.7493 24.93 43.4232 23.4953 45.2068C22.2962 43.7506 21.1349 42.3668 20.022 41.0407C16.9832 37.4197 14.3051 34.2285 12.2027 31.1656C9.2574 26.8745 7.5 22.9121 7.5 18.5C7.5 9.66344 14.6634 2.5 23.5 2.5C32.3366 2.5 39.5 9.66344 39.5 18.5Z\" fill=\"white\" stroke=\"black\"><\/path><circle cx=\"23.5\" cy=\"17.5\" r=\"6\" fill=\"#FDF3EB\" stroke=\"black\"><\/circle><\/svg><\/div>\r\n                        <h6 class=\"art-title\">Indirizzo<\/h6>\r\n                        <div class=\"art-description art-body-two-font\"><p>Via Santa Maria Valle, 5,<br \/>20123 Milano MI,<br \/>Italia<\/p><\/div>\r\n                    <\/div>\r\n                            <\/div>\r\n\r\n        \t\t\t\t<\/div>\n\t\t\t\t<\/div>\n\t\t\t\t\t<\/div>\n\t\t<\/div>\n\t\t\t\t\t<\/div>\n\t\t<\/section>\n\t\t\t\t<\/div>\n\t\t","protected":false},"excerpt":{"rendered":"<p>Esperienza esclusiva L\u2019atmosfera \u00e8 intima e rilassante, con aree riservate per le clienti che desiderano vivere un\u2019esperienza pi\u00f9 esclusiva. Le poltrone per i trattamenti sono automatizzate e completamente reclinabili, garantendo un momento di vero comfort e relax. Nel Lash e Brow Bar di LashDream, l\u2019ambiente \u00e8 raccolto e accogliente. Il nostro team di esperte ti [&hellip;]<\/p>\n","protected":false},"author":1,"featured_media":10400,"parent":0,"menu_order":0,"comment_status":"closed","ping_status":"closed","template":"elementor-template.php","meta":{"_acf_changed":false,"inline_featured_image":false,"_joinchat":[],"footnotes":""},"class_list":["post-5006","page","type-page","status-publish","has-post-thumbnail","hentry"],"acf":[],"_links":{"self":[{"href":"https:\/\/lashdream.biz\/it\/wp-json\/wp\/v2\/pages\/5006","targetHints":{"allow":["GET"]}}],"collection":[{"href":"https:\/\/lashdream.biz\/it\/wp-json\/wp\/v2\/pages"}],"about":[{"href":"https:\/\/lashdream.biz\/it\/wp-json\/wp\/v2\/types\/page"}],"author":[{"embeddable":true,"href":"https:\/\/lashdream.biz\/it\/wp-json\/wp\/v2\/users\/1"}],"replies":[{"embeddable":true,"href":"https:\/\/lashdream.biz\/it\/wp-json\/wp\/v2\/comments?post=5006"}],"version-history":[{"count":0,"href":"https:\/\/lashdream.biz\/it\/wp-json\/wp\/v2\/pages\/5006\/revisions"}],"wp:featuredmedia":[{"embeddable":true,"href":"https:\/\/lashdream.biz\/it\/wp-json\/wp\/v2\/media\/10400"}],"wp:attachment":[{"href":"https:\/\/lashdream.biz\/it\/wp-json\/wp\/v2\/media?parent=5006"}],"curies":[{"name":"wp","href":"https:\/\/api.w.org\/{rel}","templated":true}]}}