{"id":10425,"date":"2023-11-23T20:36:31","date_gmt":"2023-11-23T19:36:31","guid":{"rendered":"https:\/\/lashdream.biz\/?page_id=10425"},"modified":"2024-12-20T21:53:25","modified_gmt":"2024-12-20T20:53:25","slug":"i-nostri-servizi","status":"publish","type":"page","link":"https:\/\/lashdream.biz\/it\/i-nostri-servizi\/","title":{"rendered":"I Nostri Servizi"},"content":{"rendered":"\t\t<div data-elementor-type=\"wp-page\" data-elementor-id=\"10425\" class=\"elementor elementor-10425\">\n\t\t\t\t\t\t<section class=\"elementor-section elementor-top-section elementor-element elementor-element-682da032 elementor-section-full_width elementor-section-height-default elementor-section-height-default\" data-id=\"682da032\" data-element_type=\"section\" data-e-type=\"section\">\n\t\t\t\t\t\t<div class=\"elementor-container elementor-column-gap-default\">\n\t\t\t\t\t<div class=\"elementor-column elementor-col-100 elementor-top-column elementor-element elementor-element-707d7117\" data-id=\"707d7117\" data-element_type=\"column\" data-e-type=\"column\">\n\t\t\t<div class=\"elementor-widget-wrap elementor-element-populated\">\n\t\t\t\t\t\t<div class=\"elementor-element elementor-element-b608c5a elementor-widget elementor-widget-art-ordinary-page-header\" data-id=\"b608c5a\" data-element_type=\"widget\" data-e-type=\"widget\" data-widget_type=\"art-ordinary-page-header.default\">\n\t\t\t\t<div class=\"elementor-widget-container\">\n\t\t\t\t\t\r\n\t\t<div class=\"art-ordinary-page-header lazyload\" style=\"background-image:inherit\" data-bg-image=\"url(https:\/\/lashdream.biz\/wp-content\/uploads\/2024\/12\/hero-our-services-v4.jpg)\">\r\n\r\n\t\t\t<div class=\"container\">\r\n\r\n\t\t\t\t<div class=\"art-ordinary-page-data\" style=\"text-align:center\">\r\n\r\n\t\t\t\t\t<h1 class=\"art-page-header-title\">Servizi<\/h1>\r\n\r\n                                            <div class=\"art-page-header-description\">\r\n                            Offriamo un\u2019ampia gamma di trattamenti per <b>ciglia e sopracciglia<\/b>, dalle sofisticate <b>extension ciglia<\/b> alla <b>laminazione<\/b>, oltre a servizi altamente personalizzati per le <b>sopracciglia<\/b>, che includono <b>laminazione<\/b> e definizione della forma. I nostri professionisti lavorano a stretto contatto con te per adattare ogni trattamento alle tue esigenze, garantendo risultati impeccabili e su misura.                        <\/div>\r\n                    \r\n\t\t\t\t<\/div>\r\n\r\n\t\t\t<\/div>\r\n\r\n\t\t<\/div>\r\n\r\n\t\t\t\t\t\t<\/div>\n\t\t\t\t<\/div>\n\t\t\t\t\t<\/div>\n\t\t<\/div>\n\t\t\t\t\t<\/div>\n\t\t<\/section>\n\t\t\t\t<section class=\"elementor-section elementor-top-section elementor-element elementor-element-4007925e elementor-section-boxed elementor-section-height-default elementor-section-height-default\" data-id=\"4007925e\" data-element_type=\"section\" data-e-type=\"section\">\n\t\t\t\t\t\t\t<div class=\"elementor-background-overlay\"><\/div>\n\t\t\t\t\t\t\t<div class=\"elementor-container elementor-column-gap-default\">\n\t\t\t\t\t<div class=\"elementor-column elementor-col-50 elementor-top-column elementor-element elementor-element-5dbe5490\" data-id=\"5dbe5490\" data-element_type=\"column\" data-e-type=\"column\">\n\t\t\t<div class=\"elementor-widget-wrap elementor-element-populated\">\n\t\t\t\t\t\t<div class=\"elementor-element elementor-element-3f758d95 elementor-widget elementor-widget-image\" data-id=\"3f758d95\" data-element_type=\"widget\" data-e-type=\"widget\" data-widget_type=\"image.default\">\n\t\t\t\t<div class=\"elementor-widget-container\">\n\t\t\t\t\t\t\t\t\t\t\t\t\t\t\t<img fetchpriority=\"high\" decoding=\"async\" width=\"1024\" height=\"1024\" src=\"https:\/\/lashdream.biz\/wp-content\/uploads\/2024\/12\/maria-in-black-blond-1024x1024.jpg\" class=\"attachment-large size-large wp-image-10443\" alt=\"Meet the founder of LashDream - Maria Larionova. The visionary behind our lash and brow bar. Discover her passion for beauty and dedication to expert treatments\" srcset=\"https:\/\/lashdream.biz\/wp-content\/uploads\/2024\/12\/maria-in-black-blond-1024x1024.jpg 1024w, https:\/\/lashdream.biz\/wp-content\/uploads\/2024\/12\/maria-in-black-blond-300x300.jpg 300w, https:\/\/lashdream.biz\/wp-content\/uploads\/2024\/12\/maria-in-black-blond-150x150.jpg 150w, https:\/\/lashdream.biz\/wp-content\/uploads\/2024\/12\/maria-in-black-blond-768x768.jpg 768w, https:\/\/lashdream.biz\/wp-content\/uploads\/2024\/12\/maria-in-black-blond.jpg 1080w\" sizes=\"(max-width: 1024px) 100vw, 1024px\" \/>\t\t\t\t\t\t\t\t\t\t\t\t\t\t\t<\/div>\n\t\t\t\t<\/div>\n\t\t\t\t\t<\/div>\n\t\t<\/div>\n\t\t\t\t<div class=\"elementor-column elementor-col-50 elementor-top-column elementor-element elementor-element-43e59d0c\" data-id=\"43e59d0c\" data-element_type=\"column\" data-e-type=\"column\">\n\t\t\t<div class=\"elementor-widget-wrap elementor-element-populated\">\n\t\t\t\t\t\t<div class=\"elementor-element elementor-element-28d6ca37 elementor-widget elementor-widget-heading\" data-id=\"28d6ca37\" data-element_type=\"widget\" data-e-type=\"widget\" data-widget_type=\"heading.default\">\n\t\t\t\t<div class=\"elementor-widget-container\">\n\t\t\t\t\t<h2 class=\"elementor-heading-title elementor-size-default\">Extension Ciglia<\/h2>\t\t\t\t<\/div>\n\t\t\t\t<\/div>\n\t\t\t\t<div class=\"elementor-element elementor-element-7147fd23 elementor-widget elementor-widget-text-editor\" data-id=\"7147fd23\" data-element_type=\"widget\" data-e-type=\"widget\" data-widget_type=\"text-editor.default\">\n\t\t\t\t<div class=\"elementor-widget-container\">\n\t\t\t\t\t\t\t\t\t<p>I nostri trattamenti di <b>extension ciglia<\/b> creano lunghezza e volume, offrendo un look naturale e sofisticato senza la necessit\u00e0 di utilizzare il mascara.<br \/>Utilizziamo extension della pi\u00f9 alta qualit\u00e0 e una variet\u00e0 di tecniche di applicazione per ottenere lo stile che desideri:<br \/><b>Extension ciglia Classiche 1:1:<\/b> Ogni singola ciglia naturale viene allungata con la tecnica 1:1, che consente di ottenere un look naturale da tutti i giorni, aggiungendo delicatamente volume e lunghezza.<br \/><b>Extension ciglia Volume:<\/b> Per chi desidera un look pi\u00f9 audace, nella tecnica Volume utilizziamo ventagli realizzati al momento, applicati singolarmente su ogni ciglia per ottenere volume e profondit\u00e0. Questa tecnica permette di creare effetti pi\u00f9 leggeri o pi\u00f9 drammatici, perfetti per occasioni speciali o per un look glamour quotidiano.<br \/>Durante la consulenza, le nostre esperte ti guideranno nella scelta dello stile ideale per valorizzare il tuo sguardo. Con una vasta selezione di extension ciglia in diversi materiali e colori, garantiamo risultati straordinari e su misura per te, che durano nel tempo.<\/p>\t\t\t\t\t\t\t\t<\/div>\n\t\t\t\t<\/div>\n\t\t\t\t\t<\/div>\n\t\t<\/div>\n\t\t\t\t\t<\/div>\n\t\t<\/section>\n\t\t\t\t<section class=\"elementor-section elementor-top-section elementor-element elementor-element-7d2dabdd elementor-reverse-mobile elementor-section-boxed elementor-section-height-default elementor-section-height-default\" data-id=\"7d2dabdd\" data-element_type=\"section\" data-e-type=\"section\">\n\t\t\t\t\t\t\t<div class=\"elementor-background-overlay\"><\/div>\n\t\t\t\t\t\t\t<div class=\"elementor-container elementor-column-gap-default\">\n\t\t\t\t\t<div class=\"elementor-column elementor-col-50 elementor-top-column elementor-element elementor-element-4ff38fc0\" data-id=\"4ff38fc0\" data-element_type=\"column\" data-e-type=\"column\">\n\t\t\t<div class=\"elementor-widget-wrap elementor-element-populated\">\n\t\t\t\t\t\t<div class=\"elementor-element elementor-element-342bc47b elementor-widget elementor-widget-heading\" data-id=\"342bc47b\" data-element_type=\"widget\" data-e-type=\"widget\" data-widget_type=\"heading.default\">\n\t\t\t\t<div class=\"elementor-widget-container\">\n\t\t\t\t\t<h2 class=\"elementor-heading-title elementor-size-default\">Laminazione Ciglia<\/h2>\t\t\t\t<\/div>\n\t\t\t\t<\/div>\n\t\t\t\t<div class=\"elementor-element elementor-element-4af6383f elementor-widget elementor-widget-text-editor\" data-id=\"4af6383f\" data-element_type=\"widget\" data-e-type=\"widget\" data-widget_type=\"text-editor.default\">\n\t\t\t\t<div class=\"elementor-widget-container\">\n\t\t\t\t\t\t\t\t\t<p>La <b>laminazione ciglia<\/b> \u00e8 una tecnica innovativa che consente di curvare, sollevare e nutrire le tue ciglia naturali in modo semipermanente, creando un effetto straordinario. Questo trattamento include anche la tinta, per una maggiore definizione, permettendo di ottenere un risultato simile a quello del mascara.<br \/>La <b>laminazione<\/b> offre ulteriori benefici se ripetuta nel tempo, poich\u00e9 rinforza le ciglia naturali e ne migliora la salute. Nei nostri trattamenti di laminazione ciglia utilizziamo la gamma di prodotti <b>Lami Super Booster<\/b>, sviluppata e realizzata in Italia. Ogni fase del processo \u00e8 progettata per garantire una lunga durata e risultati eccezionali, curvando e nutrendo le tue ciglia, stabilendo nuovi standard per i trattamenti dedicati.<\/p>\t\t\t\t\t\t\t\t<\/div>\n\t\t\t\t<\/div>\n\t\t\t\t\t<\/div>\n\t\t<\/div>\n\t\t\t\t<div class=\"elementor-column elementor-col-50 elementor-top-column elementor-element elementor-element-384faf84\" data-id=\"384faf84\" data-element_type=\"column\" data-e-type=\"column\">\n\t\t\t<div class=\"elementor-widget-wrap elementor-element-populated\">\n\t\t\t\t\t\t<div class=\"elementor-element elementor-element-6a2550 elementor-widget elementor-widget-image\" data-id=\"6a2550\" data-element_type=\"widget\" data-e-type=\"widget\" data-widget_type=\"image.default\">\n\t\t\t\t<div class=\"elementor-widget-container\">\n\t\t\t\t\t\t\t\t\t\t\t\t\t\t\t<img decoding=\"async\" width=\"1024\" height=\"1024\" data-src=\"https:\/\/lashdream.biz\/wp-content\/uploads\/2024\/12\/lash-services-1024x1024.jpg\" class=\"attachment-large size-large wp-image-10444 lazyload\" alt=\"\" data-srcset=\"https:\/\/lashdream.biz\/wp-content\/uploads\/2024\/12\/lash-services-1024x1024.jpg 1024w, https:\/\/lashdream.biz\/wp-content\/uploads\/2024\/12\/lash-services-300x300.jpg 300w, https:\/\/lashdream.biz\/wp-content\/uploads\/2024\/12\/lash-services-150x150.jpg 150w, https:\/\/lashdream.biz\/wp-content\/uploads\/2024\/12\/lash-services-768x768.jpg 768w, https:\/\/lashdream.biz\/wp-content\/uploads\/2024\/12\/lash-services.jpg 1080w\" data-sizes=\"(max-width: 1024px) 100vw, 1024px\" src=\"data:image\/svg+xml;base64,PHN2ZyB3aWR0aD0iMSIgaGVpZ2h0PSIxIiB4bWxucz0iaHR0cDovL3d3dy53My5vcmcvMjAwMC9zdmciPjwvc3ZnPg==\" style=\"--smush-placeholder-width: 1024px; --smush-placeholder-aspect-ratio: 1024\/1024;\" \/>\t\t\t\t\t\t\t\t\t\t\t\t\t\t\t<\/div>\n\t\t\t\t<\/div>\n\t\t\t\t\t<\/div>\n\t\t<\/div>\n\t\t\t\t\t<\/div>\n\t\t<\/section>\n\t\t\t\t<section class=\"elementor-section elementor-top-section elementor-element elementor-element-3e3451d0 elementor-section-boxed elementor-section-height-default elementor-section-height-default\" data-id=\"3e3451d0\" data-element_type=\"section\" data-e-type=\"section\">\n\t\t\t\t\t\t\t<div class=\"elementor-background-overlay\"><\/div>\n\t\t\t\t\t\t\t<div class=\"elementor-container elementor-column-gap-default\">\n\t\t\t\t\t<div class=\"elementor-column elementor-col-50 elementor-top-column elementor-element elementor-element-6ba919b1\" data-id=\"6ba919b1\" data-element_type=\"column\" data-e-type=\"column\">\n\t\t\t<div class=\"elementor-widget-wrap elementor-element-populated\">\n\t\t\t\t\t\t<div class=\"elementor-element elementor-element-46f5824a elementor-widget elementor-widget-image\" data-id=\"46f5824a\" data-element_type=\"widget\" data-e-type=\"widget\" data-widget_type=\"image.default\">\n\t\t\t\t<div class=\"elementor-widget-container\">\n\t\t\t\t\t\t\t\t\t\t\t\t\t\t\t<img decoding=\"async\" width=\"1024\" height=\"1024\" data-src=\"https:\/\/lashdream.biz\/wp-content\/uploads\/2024\/12\/maria-our-services-1024x1024-1.webp\" class=\"attachment-large size-large wp-image-10407 lazyload\" alt=\"\" data-srcset=\"https:\/\/lashdream.biz\/wp-content\/uploads\/2024\/12\/maria-our-services-1024x1024-1.webp 1024w, https:\/\/lashdream.biz\/wp-content\/uploads\/2024\/12\/maria-our-services-1024x1024-1-300x300.webp 300w, https:\/\/lashdream.biz\/wp-content\/uploads\/2024\/12\/maria-our-services-1024x1024-1-150x150.webp 150w, https:\/\/lashdream.biz\/wp-content\/uploads\/2024\/12\/maria-our-services-1024x1024-1-768x768.webp 768w\" data-sizes=\"(max-width: 1024px) 100vw, 1024px\" src=\"data:image\/svg+xml;base64,PHN2ZyB3aWR0aD0iMSIgaGVpZ2h0PSIxIiB4bWxucz0iaHR0cDovL3d3dy53My5vcmcvMjAwMC9zdmciPjwvc3ZnPg==\" style=\"--smush-placeholder-width: 1024px; --smush-placeholder-aspect-ratio: 1024\/1024;\" \/>\t\t\t\t\t\t\t\t\t\t\t\t\t\t\t<\/div>\n\t\t\t\t<\/div>\n\t\t\t\t\t<\/div>\n\t\t<\/div>\n\t\t\t\t<div class=\"elementor-column elementor-col-50 elementor-top-column elementor-element elementor-element-2f048106\" data-id=\"2f048106\" data-element_type=\"column\" data-e-type=\"column\">\n\t\t\t<div class=\"elementor-widget-wrap elementor-element-populated\">\n\t\t\t\t\t\t<div class=\"elementor-element elementor-element-53bcad0b elementor-widget elementor-widget-heading\" data-id=\"53bcad0b\" data-element_type=\"widget\" data-e-type=\"widget\" data-widget_type=\"heading.default\">\n\t\t\t\t<div class=\"elementor-widget-container\">\n\t\t\t\t\t<h2 class=\"elementor-heading-title elementor-size-default\">Laminazione Sopracciglia<\/h2>\t\t\t\t<\/div>\n\t\t\t\t<\/div>\n\t\t\t\t<div class=\"elementor-element elementor-element-60f9f105 elementor-widget elementor-widget-text-editor\" data-id=\"60f9f105\" data-element_type=\"widget\" data-e-type=\"widget\" data-widget_type=\"text-editor.default\">\n\t\t\t\t<div class=\"elementor-widget-container\">\n\t\t\t\t\t\t\t\t\t<p>La <b>laminazione sopracciglia<\/b> \u00e8 l\u2019ultimo trend per creare sopracciglia dalla forma perfetta e dall\u2019aspetto pieno. Questo trattamento innovativo consente di ridefinire la forma delle tue sopracciglia, riposizionando ogni singolo pelo.<br \/>Il nostro trattamento di <b>laminazione<\/b> include la colorazione, la depilazione con pinzetta o filo indiano e una maschera nutriente che rinforza il pelo, assicurando un risultato ben definito.<br \/>Questo processo aiuta a coprire buchi o imperfezioni, creando un effetto visibilmente pi\u00f9 pieno e naturale, con risultati incredibilmente brillanti. Utilizzando i nostri prodotti <b>Lami Super Booster<\/b>, <b>Made in Italy<\/b>, garantiamo sopracciglia nutrite, ben definite e modellate alla perfezione, per una lunga durata e un aspetto sano.<\/p>\t\t\t\t\t\t\t\t<\/div>\n\t\t\t\t<\/div>\n\t\t\t\t\t<\/div>\n\t\t<\/div>\n\t\t\t\t\t<\/div>\n\t\t<\/section>\n\t\t\t\t<section class=\"elementor-section elementor-top-section elementor-element elementor-element-a8d1b69 elementor-section-boxed elementor-section-height-default elementor-section-height-default\" data-id=\"a8d1b69\" data-element_type=\"section\" data-e-type=\"section\" data-settings=\"{&quot;background_background&quot;:&quot;classic&quot;}\">\n\t\t\t\t\t\t<div class=\"elementor-container elementor-column-gap-default\">\n\t\t\t\t\t<div class=\"elementor-column elementor-col-100 elementor-top-column elementor-element elementor-element-78d981eb\" data-id=\"78d981eb\" data-element_type=\"column\" data-e-type=\"column\">\n\t\t\t<div class=\"elementor-widget-wrap elementor-element-populated\">\n\t\t\t\t\t\t<div class=\"elementor-element elementor-element-6d0e4adc content-align-center art-fadeIn art-anim animate__delay-1s elementor-widget elementor-widget-art-dark-button\" data-id=\"6d0e4adc\" data-element_type=\"widget\" data-e-type=\"widget\" data-widget_type=\"art-dark-button.default\">\n\t\t\t\t<div class=\"elementor-widget-container\">\n\t\t\t\t\t\r\n        \r\n                <div class=\"art-widget-button art--aliment-center art--aliment-tablet- art--aliment-mobile-\">\r\n                    <a href=\"https:\/\/lashdream.biz\/book-appointment\/\" class=\"art-button art-button-dark\">Prenota un appuntamento<\/a>\r\n                <\/div>\r\n\r\n                \r\n\r\n\r\n\t\t\t\t\t\t<\/div>\n\t\t\t\t<\/div>\n\t\t\t\t\t<\/div>\n\t\t<\/div>\n\t\t\t\t\t<\/div>\n\t\t<\/section>\n\t\t\t\t<section class=\"elementor-section elementor-top-section elementor-element elementor-element-6a5c55f4 elementor-section-boxed elementor-section-height-default elementor-section-height-default\" data-id=\"6a5c55f4\" data-element_type=\"section\" data-e-type=\"section\">\n\t\t\t\t\t\t\t<div class=\"elementor-background-overlay\"><\/div>\n\t\t\t\t\t\t\t<div class=\"elementor-container elementor-column-gap-default\">\n\t\t\t\t\t<div class=\"elementor-column elementor-col-100 elementor-top-column elementor-element elementor-element-494af88b\" data-id=\"494af88b\" data-element_type=\"column\" data-e-type=\"column\">\n\t\t\t<div class=\"elementor-widget-wrap elementor-element-populated\">\n\t\t\t\t\t\t<div class=\"elementor-element elementor-element-4570e52 art-fadeIn art-anim animate__delay-1s elementor-widget elementor-widget-art-contact-info\" data-id=\"4570e52\" data-element_type=\"widget\" data-e-type=\"widget\" data-widget_type=\"art-contact-info.default\">\n\t\t\t\t<div class=\"elementor-widget-container\">\n\t\t\t\t\t\r\n            <div class=\"art-contact-info-widget\">\r\n                                    <div class=\"col-md-4 art-item\">\r\n                        <div class=\"art-icon\"><svg xmlns=\"http:\/\/www.w3.org\/2000\/svg\" width=\"48\" height=\"48\" viewBox=\"0 0 48 48\" fill=\"none\"><rect x=\"11.5\" y=\"2.5\" width=\"24\" height=\"43\" rx=\"1.5\" fill=\"white\" stroke=\"black\"><\/rect><rect x=\"20\" y=\"7\" width=\"7\" height=\"1\" fill=\"black\"><\/rect><circle cx=\"23.5\" cy=\"39.5\" r=\"1.5\" fill=\"black\"><\/circle><\/svg><\/div>\r\n                        <h6 class=\"art-title\">Contatti<\/h6>\r\n                        <div class=\"art-description art-body-two-font\"><p>T\/WA: +39 02 3983 1309<\/p><\/div>\r\n                    <\/div>\r\n                                    <div class=\"col-md-4 art-item\">\r\n                        <div class=\"art-icon\"><svg xmlns=\"http:\/\/www.w3.org\/2000\/svg\" width=\"48\" height=\"48\" viewBox=\"0 0 48 48\" fill=\"none\"><circle cx=\"24.5\" cy=\"24.5\" r=\"19\" fill=\"white\" stroke=\"black\"><\/circle><path d=\"M24 12.5V25.5L30 31.5\" stroke=\"black\"><\/path><\/svg><\/div>\r\n                        <h6 class=\"art-title\">Orario<\/h6>\r\n                        <div class=\"art-description art-body-two-font\"><p>Da Mart a Sab 9:30 \u2014 19:00<br \/>Dom: Chiuso<br \/>Lun: Chiuso<\/p><\/div>\r\n                    <\/div>\r\n                                    <div class=\"col-md-4 art-item\">\r\n                        <div class=\"art-icon\"><svg xmlns=\"http:\/\/www.w3.org\/2000\/svg\" width=\"48\" height=\"48\" viewBox=\"0 0 48 48\" fill=\"none\"><path d=\"M39.5 18.5C39.5 22.9086 37.6893 26.8697 34.714 31.1637C32.7635 33.9788 30.3434 36.8965 27.6388 40.1573C26.3183 41.7493 24.93 43.4232 23.4953 45.2068C22.2962 43.7506 21.1349 42.3668 20.022 41.0407C16.9832 37.4197 14.3051 34.2285 12.2027 31.1656C9.2574 26.8745 7.5 22.9121 7.5 18.5C7.5 9.66344 14.6634 2.5 23.5 2.5C32.3366 2.5 39.5 9.66344 39.5 18.5Z\" fill=\"white\" stroke=\"black\"><\/path><circle cx=\"23.5\" cy=\"17.5\" r=\"6\" fill=\"#FDF3EB\" stroke=\"black\"><\/circle><\/svg><\/div>\r\n                        <h6 class=\"art-title\">Indirizzo<\/h6>\r\n                        <div class=\"art-description art-body-two-font\"><p>Via Santa Maria Valle, 5,<br \/>20123 Milano MI,<br \/>Italia<\/p><\/div>\r\n                    <\/div>\r\n                            <\/div>\r\n\r\n        \t\t\t\t<\/div>\n\t\t\t\t<\/div>\n\t\t\t\t\t<\/div>\n\t\t<\/div>\n\t\t\t\t\t<\/div>\n\t\t<\/section>\n\t\t\t\t<\/div>\n\t\t","protected":false},"excerpt":{"rendered":"<p>Extension Ciglia I nostri trattamenti di extension ciglia creano lunghezza e volume, offrendo un look naturale e sofisticato senza la necessit\u00e0 di utilizzare il mascara.Utilizziamo extension della pi\u00f9 alta qualit\u00e0 e una variet\u00e0 di tecniche di applicazione per ottenere lo stile che desideri:Extension ciglia Classiche 1:1: Ogni singola ciglia naturale viene allungata con la tecnica [&hellip;]<\/p>\n","protected":false},"author":1,"featured_media":4486,"parent":0,"menu_order":0,"comment_status":"closed","ping_status":"closed","template":"elementor-template.php","meta":{"_acf_changed":false,"inline_featured_image":false,"_joinchat":[],"footnotes":""},"class_list":["post-10425","page","type-page","status-publish","has-post-thumbnail","hentry"],"acf":[],"_links":{"self":[{"href":"https:\/\/lashdream.biz\/it\/wp-json\/wp\/v2\/pages\/10425","targetHints":{"allow":["GET"]}}],"collection":[{"href":"https:\/\/lashdream.biz\/it\/wp-json\/wp\/v2\/pages"}],"about":[{"href":"https:\/\/lashdream.biz\/it\/wp-json\/wp\/v2\/types\/page"}],"author":[{"embeddable":true,"href":"https:\/\/lashdream.biz\/it\/wp-json\/wp\/v2\/users\/1"}],"replies":[{"embeddable":true,"href":"https:\/\/lashdream.biz\/it\/wp-json\/wp\/v2\/comments?post=10425"}],"version-history":[{"count":0,"href":"https:\/\/lashdream.biz\/it\/wp-json\/wp\/v2\/pages\/10425\/revisions"}],"wp:featuredmedia":[{"embeddable":true,"href":"https:\/\/lashdream.biz\/it\/wp-json\/wp\/v2\/media\/4486"}],"wp:attachment":[{"href":"https:\/\/lashdream.biz\/it\/wp-json\/wp\/v2\/media?parent=10425"}],"curies":[{"name":"wp","href":"https:\/\/api.w.org\/{rel}","templated":true}]}}